{"id":82,"date":"2018-11-21T18:35:06","date_gmt":"2018-11-21T18:35:06","guid":{"rendered":"http:\/\/www.earthquakesandweather.com\/?page_id=82"},"modified":"2022-10-20T22:14:39","modified_gmt":"2022-10-20T21:14:39","slug":"safety-procedure-information","status":"publish","type":"page","link":"https:\/\/www.earthquakesandweather.com\/index.php\/safety-procedure-information\/","title":{"rendered":"Safety Links"},"content":{"rendered":"\t\t<div data-elementor-type=\"wp-post\" data-elementor-id=\"82\" class=\"elementor elementor-82\">\n\t\t\t\t\t\t<section class=\"elementor-section elementor-top-section elementor-element elementor-element-7d2c699 elementor-section-boxed elementor-section-height-default elementor-section-height-default\" data-id=\"7d2c699\" data-element_type=\"section\" data-e-type=\"section\">\n\t\t\t\t\t\t<div class=\"elementor-container elementor-column-gap-default\">\n\t\t\t\t\t<div class=\"elementor-column elementor-col-100 elementor-top-column elementor-element elementor-element-f5b49dc\" data-id=\"f5b49dc\" data-element_type=\"column\" data-e-type=\"column\">\n\t\t\t<div class=\"elementor-widget-wrap elementor-element-populated\">\n\t\t\t\t\t\t<div class=\"elementor-element elementor-element-c34fbed elementor-widget elementor-widget-text-editor\" data-id=\"c34fbed\" data-element_type=\"widget\" data-e-type=\"widget\" data-widget_type=\"text-editor.default\">\n\t\t\t\t<div class=\"elementor-widget-container\">\n\t\t\t\t\t\t\t\t\t<p>SAFETY LINKS Precauciones de seguridad \u0627\u062d\u062a\u064a\u0627\u0637\u0627\u062a \u0627\u0644\u0633\u0644\u0627\u0645\u0629 \u5b89\u5168\u4e0a\u306e\u3054\u6ce8\u610f\u00a0Misure di sicurezza \u041c\u0435\u0440\u044b \u0431\u0435\u0437\u043e\u043f\u0430\u0441\u043d\u043e\u0441\u0442\u0438 \u5b89\u5168\u987b\u77e5 \u0938\u0941\u0930\u0915\u094d\u0937\u093e \u0938\u093e\u0935\u0927\u093e\u0928\u093f\u092f\u093e\u0902 Precau\u00e7\u00f5es de seguran\u00e7a Tindakan pengamanan:<\/p><p><a href=\"https:\/\/translate.google.co.uk\">https:\/\/translate.google.co.uk<\/a> Translator \u7ffb\u8bd1\u8005 Traduttore \u7ffb\u8a33\u8005 Traductor \u041f\u0435\u0440\u0435\u0432\u043e\u0434\u0447\u0438\u043a \u0645\u062a\u0631\u062c\u0645 Tradutor \u0905\u0928\u0941\u0935\u093e\u0926\u0915 Penterjemah \u0985\u09a8\u09c1\u09ac\u09be\u09a6\u0995<\/p><h3>\u00a0<\/h3><h3>Packing &amp; Preparation<\/h3><p>Earthquake Evacuation &amp; Survival Plan (Auto translates)<br \/><a href=\"http:\/\/www.earthquakesandweather.com\/index.php\/earthquake-evacuation-survival-plan\/\">http:\/\/www.earthquakesandweather.com\/index.php\/earthquake-evacuation-survival-plan\/<\/a><\/p><p>What to pack in an Emergency survival bag. VIDEO 16mins 50seconds in:<br \/><a href=\"https:\/\/www.youtube.com\/watch?v=RAVGBKnzQ4c\">https:\/\/www.youtube.com\/watch?v=RAVGBKnzQ4c<\/a><\/p><p>Large earthquake drill guide: <a href=\"https:\/\/www.youtube.com\/watch?v=KTFKPTtmN1I\">https:\/\/www.youtube.com\/watch?v=KTFKPTtmN1I<\/a><\/p><p>How to Find High Ground on Google Earth for Tsunami planning: <br \/><a href=\"https:\/\/www.youtube.com\/watch?v=MmocUUnr1YM\">https:\/\/www.youtube.com\/watch?v=MmocUUnr1YM<\/a><\/p><p>Pacific Disaster Center <a href=\"http:\/\/www.pdc.org\/\">http:\/\/www.pdc.org\/<\/a><\/p><p>Dutchsinse on an earthquake plan: 1hr 15mins in<br \/><a href=\"https:\/\/www.youtube.com\/watch?v=WpadIZq2T30&amp;feature=youtu.be&amp;t=4508\">https:\/\/www.youtube.com\/watch?v=WpadIZq2T30&amp;feature=youtu.be&amp;t=4508<\/a><\/p><p>Why are deep earthquakes important? <a href=\"https:\/\/www.youtube.com\/watch?v=_anVRY6yrXk\">https:\/\/www.youtube.com\/watch?v=_anVRY6yrXk<\/a><\/p><p>Earthquake Progression Map with arrows: <a href=\"https:\/\/www.scribd.com\/document\/365973913\/Pressure-Transfer-Map-Dutchsinse-Global-Version-2-0\">https:\/\/www.scribd.com\/document\/365973913\/Pressure-Transfer-Map-Dutchsinse-Global-Version-2-0<\/a><\/p><h3>\u00a0<\/h3><h3>Tsunami Information<\/h3><p>Tsunami Buoy status: <a href=\"http:\/\/www.ndbc.noaa.gov\/\">http:\/\/www.ndbc.noaa.gov\/<\/a><\/p><p>Tsunami Safety: <br \/><a href=\"https:\/\/www.ready.gov\/tsunamis\">https:\/\/www.ready.gov\/tsunamis<\/a><\/p><p>\u00a0<\/p><h3>Volcano Information<\/h3><p>USGS volcano preparedness: <a href=\"https:\/\/volcanoes.usgs.gov\/vhp\/preparedness.html\">https:\/\/volcanoes.usgs.gov\/vhp\/preparedness.html<\/a><\/p><p>Volcano Safety: <a href=\"https:\/\/www.ready.gov\/volcanoes\">https:\/\/www.ready.gov\/volcanoes<\/a><\/p><p>\u00a0<\/p><h3>Frequently Asked Questions<\/h3><p>Frequently asked questions FAQ on Earthquakes and Dutchsinse: <a href=\"https:\/\/www.dutchsinse.com\/dutchsinse-faq\/\">https:\/\/www.dutchsinse.com\/dutchsinse-faq\/<\/a><\/p><p>Frequently Asked Questions (multi language) <a href=\"https:\/\/www.earthquakesandweather.com\/index.php\/frequently-asked-questions\/\">https:\/\/www.earthquakesandweather.com\/index.php\/frequently-asked-questions\/<\/a><\/p><h3>Apps<\/h3><p>Earthquake: <a href=\"https:\/\/play.google.com\/store\/apps\/details?id=it.mic.terremoto\">https:\/\/play.google.com\/store\/apps\/details?id=it.mic.terremoto <\/a><\/p><p>Earthquake Tracker: <a href=\"https:\/\/play.google.com\/store\/apps\/details?id=com.rsoftr.android.earthquakestracker.add\">https:\/\/play.google.com\/store\/apps\/details?id=com.rsoftr.android.earthquakestracker.add<\/a><\/p><p>EQ tracker app Android: <a href=\"https:\/\/play.google.com\/store\/apps\/details?id=com.rsoftr.android.earthquakestracker.add&amp;hl=en_GB\">https:\/\/play.google.com\/store\/apps\/details?id=com.rsoftr.android.earthquakestracker.add&amp;hl=en_GB<\/a><\/p><p>Volcano Discovery App:<br \/><a href=\"https:\/\/www.volcanodiscovery.com\/app\/volcanoesandearthquakes.html\">https:\/\/www.volcanodiscovery.com\/app\/volcanoesandearthquakes.html<\/a><\/p>\t\t\t\t\t\t\t\t<\/div>\n\t\t\t\t<\/div>\n\t\t\t\t\t<\/div>\n\t\t<\/div>\n\t\t\t\t\t<\/div>\n\t\t<\/section>\n\t\t\t\t<\/div>\n\t\t","protected":false},"excerpt":{"rendered":"<p>SAFETY LINKS Precauciones de seguridad \u0627\u062d\u062a\u064a\u0627\u0637\u0627\u062a \u0627\u0644\u0633\u0644\u0627\u0645\u0629 \u5b89\u5168\u4e0a\u306e\u3054\u6ce8\u610f\u00a0Misure di sicurezza \u041c\u0435\u0440\u044b \u0431\u0435\u0437\u043e\u043f\u0430\u0441\u043d\u043e\u0441\u0442\u0438 \u5b89\u5168\u987b\u77e5 \u0938\u0941\u0930\u0915\u094d\u0937\u093e \u0938\u093e\u0935\u0927\u093e\u0928\u093f\u092f\u093e\u0902 Precau\u00e7\u00f5es de seguran\u00e7a Tindakan pengamanan:[&#8230;]<\/p>\n","protected":false},"author":1,"featured_media":0,"parent":0,"menu_order":0,"comment_status":"closed","ping_status":"closed","template":"","meta":{"footnotes":""},"class_list":["post-82","page","type-page","status-publish","hentry"],"_links":{"self":[{"href":"https:\/\/www.earthquakesandweather.com\/index.php\/wp-json\/wp\/v2\/pages\/82","targetHints":{"allow":["GET"]}}],"collection":[{"href":"https:\/\/www.earthquakesandweather.com\/index.php\/wp-json\/wp\/v2\/pages"}],"about":[{"href":"https:\/\/www.earthquakesandweather.com\/index.php\/wp-json\/wp\/v2\/types\/page"}],"author":[{"embeddable":true,"href":"https:\/\/www.earthquakesandweather.com\/index.php\/wp-json\/wp\/v2\/users\/1"}],"replies":[{"embeddable":true,"href":"https:\/\/www.earthquakesandweather.com\/index.php\/wp-json\/wp\/v2\/comments?post=82"}],"version-history":[{"count":24,"href":"https:\/\/www.earthquakesandweather.com\/index.php\/wp-json\/wp\/v2\/pages\/82\/revisions"}],"predecessor-version":[{"id":421,"href":"https:\/\/www.earthquakesandweather.com\/index.php\/wp-json\/wp\/v2\/pages\/82\/revisions\/421"}],"wp:attachment":[{"href":"https:\/\/www.earthquakesandweather.com\/index.php\/wp-json\/wp\/v2\/media?parent=82"}],"curies":[{"name":"wp","href":"https:\/\/api.w.org\/{rel}","templated":true}]}}